{"id":23,"date":"2017-06-15T23:38:03","date_gmt":"2017-06-15T21:38:03","guid":{"rendered":"http:\/\/www.womo-hochgratblick.de\/?page_id=23"},"modified":"2025-03-03T11:09:01","modified_gmt":"2025-03-03T10:09:01","slug":"stellplatz","status":"publish","type":"page","link":"http:\/\/www.womo-hochgratblick.de\/?page_id=23","title":{"rendered":"Der Stellplatz"},"content":{"rendered":"<h3>Unser Stellplatz liegt in Steibis, am Fu\u00dfe des Hochgrats.<\/h3>\n<h3>Wir bieten Ihnen:<\/h3>\n<ul>\n<li>\n<h3>48 <strong>STROMANSCHL\u00dcSSE <\/strong>CEE (Verl\u00e4ngerungskabel und Adapter k\u00f6nnen bei Bedarf und gegen Geb\u00fchr gerne bei uns ausgeliehen werden)<\/h3>\n<\/li>\n<li>\n<h3><strong>FRISCHWASSER: <\/strong>Erhalten Sie \u00fcber einen Automaten bei uns am Haus (ca. 150 m neben dem Stellplatz), 1 \u20ac f\u00fcr 100 l, Abgabe auch in kleineren Mengen m\u00f6glich<\/h3>\n<\/li>\n<li>\n<h3><strong>GRAUWASSER- sowie TOILETTEN-ENTSORGUNG: <\/strong>Finden Sie ebenfalls bei uns am Haus<\/h3>\n<\/li>\n<li>\n<h3><strong>GAS<\/strong>: Camping- sowie Alugas-Flaschen &#8211; Verkauf direkt am Platz<\/h3>\n<\/li>\n<li>\n<h3><strong>WLAN:<\/strong> Kostenlos am Platz!<\/h3>\n<\/li>\n<li>\n<h3><strong>ALLG\u00c4U WALSER Pass: <\/strong>Mit dieser Digitalen G\u00e4ste Karte erhalten Sie einige Verg\u00fcnstigungen. Z.B. k\u00f6nnen Sie die Buslinie Oberstaufen-Steibis-Hochgratbahn kostenlos benutzen.<\/h3>\n<\/li>\n<li>\n<h3>Auch der \u00f6ffentliche Nahverkehr im gesamten Allg\u00e4u ist kostenfrei nutzbar.<\/h3>\n<\/li>\n<li>\n<h3>Ebenso erhalten Sie Rabatt bei den Bergbahnen und im Erlebnisbad Aquaria.<\/h3>\n<\/li>\n<\/ul>\n<h3 style=\"padding-left: 30px;\">Sprechen Sie uns einfach an.<\/h3>\n<h3><strong>Preise:<\/strong><\/h3>\n<h3>Stellplatz\/Nacht =&gt;\u00a0 15,40 \u20ac<\/h3>\n<h3>zzgl. Kurabgabe: Erwachsene 3,50 \u20ac p. P \/Kinder 1,75 \u20ac p. P<\/h3>\n","protected":false},"excerpt":{"rendered":"<p>Unser Stellplatz liegt in Steibis, am Fu\u00dfe des Hochgrats. Wir bieten Ihnen: 48 STROMANSCHL\u00dcSSE CEE (Verl\u00e4ngerungskabel und Adapter k\u00f6nnen bei Bedarf und gegen Geb\u00fchr gerne bei uns ausgeliehen werden) FRISCHWASSER: Erhalten Sie \u00fcber einen Automaten bei uns am Haus (ca. 150 m neben dem Stellplatz), 1 \u20ac f\u00fcr 100 l, Abgabe auch in kleineren Mengen &hellip; <a href=\"http:\/\/www.womo-hochgratblick.de\/?page_id=23\" class=\"more-link\">Weiterlesen <span class=\"screen-reader-text\">Der Stellplatz<\/span><\/a><\/p>\n","protected":false},"author":2,"featured_media":87,"parent":6,"menu_order":1,"comment_status":"closed","ping_status":"closed","template":"page-templates\/full-width-page.php","meta":[],"_links":{"self":[{"href":"http:\/\/www.womo-hochgratblick.de\/index.php?rest_route=\/wp\/v2\/pages\/23"}],"collection":[{"href":"http:\/\/www.womo-hochgratblick.de\/index.php?rest_route=\/wp\/v2\/pages"}],"about":[{"href":"http:\/\/www.womo-hochgratblick.de\/index.php?rest_route=\/wp\/v2\/types\/page"}],"author":[{"embeddable":true,"href":"http:\/\/www.womo-hochgratblick.de\/index.php?rest_route=\/wp\/v2\/users\/2"}],"replies":[{"embeddable":true,"href":"http:\/\/www.womo-hochgratblick.de\/index.php?rest_route=%2Fwp%2Fv2%2Fcomments&post=23"}],"version-history":[{"count":32,"href":"http:\/\/www.womo-hochgratblick.de\/index.php?rest_route=\/wp\/v2\/pages\/23\/revisions"}],"predecessor-version":[{"id":433,"href":"http:\/\/www.womo-hochgratblick.de\/index.php?rest_route=\/wp\/v2\/pages\/23\/revisions\/433"}],"up":[{"embeddable":true,"href":"http:\/\/www.womo-hochgratblick.de\/index.php?rest_route=\/wp\/v2\/pages\/6"}],"wp:featuredmedia":[{"embeddable":true,"href":"http:\/\/www.womo-hochgratblick.de\/index.php?rest_route=\/wp\/v2\/media\/87"}],"wp:attachment":[{"href":"http:\/\/www.womo-hochgratblick.de\/index.php?rest_route=%2Fwp%2Fv2%2Fmedia&parent=23"}],"curies":[{"name":"wp","href":"https:\/\/api.w.org\/{rel}","templated":true}]}}